{"id":7,"date":"2020-01-13T13:51:07","date_gmt":"2020-01-13T13:51:07","guid":{"rendered":"https:\/\/frontida.fi\/?page_id=7"},"modified":"2020-01-13T14:50:13","modified_gmt":"2020-01-13T14:50:13","slug":"tietoja","status":"publish","type":"page","link":"https:\/\/frontida.fi\/index.php\/tietoja\/","title":{"rendered":"Palvelut"},"content":{"rendered":"\n<p><strong>Tehostettu perhety\u00f6<\/strong><\/p>\n\n\n\n<p>Tehostettu perhety\u00f6 on tarkoitettu tilanteisiin, joissa lastensuojelullinen huoli lapsesta, nuoresta tai perheest\u00e4 on suuri. Ty\u00f6skentelyn ollessa ammattimaista ja riitt\u00e4v\u00e4n intensiivist\u00e4, voi kovastikin oireilevaa lasta tai nuorta auttaa kotiin. Ty\u00f6ntekij\u00e4 tapaa perhett\u00e4 sovitusti logoterapeuttisissa tapaamisissa, joissa tutkitaan perheen vuorovaikutusta, toimintatapoja, arvoja, odotuksia sek\u00e4 tarpeita. Yksil\u00f6tapaamisissa lapsi tai nuori saa koko ty\u00f6skentelyn ajaksi rinnalleen aikuisen, joka auttaa ja tukee vanhempia kasvatusteht\u00e4v\u00e4ss\u00e4, kuntouttaa lasta tai nuorta sek\u00e4 auttaa perhett\u00e4 rakentamaan toimivaa yhteisty\u00f6suhdetta verkostoihin, kuten harrastuksiin ja kouluun. Tehostetussa perhety\u00f6ss\u00e4 ty\u00f6ntekij\u00e4 on valmiina auttamaan perhett\u00e4 \u00e4killisiss\u00e4 tilanteissa 24\/7.<\/p>\n\n\n\n<p><strong>Ammatillinen tukihenkil\u00f6<\/strong><\/p>\n\n\n\n<p>Ammatillinen tukihenkil\u00f6 -palvelu kohdistuu lapselle tai nuorelle, joka tarvitsee erityist\u00e4 tukea aikuiselta joko el\u00e4m\u00e4ntilanteesta tai psykiatrisesta diagnoosista johtuen. Ammatillinen tukihenkil\u00f6 -palvelussa nuori saa rinnallensa ammatillisen, vastuullisen ja luotettavan aikuisen, jonka kanssa nuori voi turvallisesti opetella tekemisen kautta mm. vuorovaikutustaitoja, asioiden hoitamista ja samalla l\u00f6yt\u00e4\u00e4 tarkoituksia toiminnalleen ja el\u00e4m\u00e4lleen. Ammatillinen tukihenkil\u00f6 -palvelu sopii my\u00f6s osaksi nuoren j\u00e4lkihuoltoa.<\/p>\n\n\n\n<p><strong>Neuropsykiatrinen ja psykiatrinen tukity\u00f6skentely<\/strong><\/p>\n\n\n\n<p>Neuropsykiatrisessa ja psykiatrisessa tukity\u00f6skentelyss\u00e4 suunnitellaan kotona asuvalle asiakkaalle yhdess\u00e4 sosiaality\u00f6n ja asiakkaan kanssa h\u00e4nelle parhaiten sopiva palvelukokonaisuus. Ty\u00f6skentely voi sis\u00e4lt\u00e4\u00e4 asiakkaan asioiden hoitamisen harjoittelua yhdess\u00e4 ty\u00f6ntekij\u00e4n kanssa, psyko- ja logoedukatiivisia keskusteluja asiakkaan ja h\u00e4nen l\u00e4heistens\u00e4 kanssa sek\u00e4 verkostoty\u00f6skentely\u00e4.<\/p>\n\n\n\n<p><strong>Logoterapia<\/strong><\/p>\n\n\n\n<p>Logoterapian kehitti wienil\u00e4inen neurologi ja psykiatri Viktor E. Frankl (1905-1997). Frankl nimesi oman oppinsa logoterapiaksi, mutta k\u00e4ytti siit\u00e4 my\u00f6s nimityst\u00e4 eksistenssianalyysi. Logoterapian mukaan ihmisen perimm\u00e4inen tarve on kokea el\u00e4m\u00e4 tarkoituksellisena ja mielekk\u00e4\u00e4n\u00e4. Tarkoituksen l\u00f6ydetty\u00e4\u00e4n ihmisell\u00e4 on mahdollisuus l\u00f6yt\u00e4\u00e4 itsess\u00e4\u00e4n oleva potentiaali kest\u00e4\u00e4 l\u00e4hes mit\u00e4 tahansa mit\u00e4 el\u00e4m\u00e4 eteen antaa. Logoterapian mukaan ihmisell\u00e4 on aina vapaus tehd\u00e4 valintoja, joista h\u00e4n on vastuussa.<\/p>\n\n\n\n<p>Logoterapian k\u00e4sitys ihmisen\u00e4 olemisesta on lohdullinen. Ihmisen menneisyys ei m\u00e4\u00e4r\u00e4\u00e4 sit\u00e4, mihin h\u00e4nell\u00e4 on tulevaisuudessa mahdollisuuksia. Sill\u00e4 el\u00e4m\u00e4ss\u00e4h\u00e4n on aina j\u00e4ljell\u00e4 tulevaisuuden mahdollisuuksia. Logoterapian ihmisk\u00e4sityksen mukaan ihminen on fyysinen, psyykkinen, sosiaalinen ja henkinen kokonaisuus. Vaikka kaikki muut osa-alueet ihmisest\u00e4 sairastuisivat, henkinen alue ei koskaan!<\/p>\n\n\n\n<p>Logoterapia soveltuu avuksi esimerkiksi erilaisissa el\u00e4m\u00e4ntilanteissa ja -vaiheissa, kriiseiss\u00e4, el\u00e4m\u00e4n tarkoituspohdinnoissa, ammatillisen kehittymisen prosesseissa ja riippuvuuksien hoidossa. Kysy lis\u00e4\u00e4 logoterapiasta Tatulta.<\/p>\n\n\n\n<p><strong>Ty\u00f6nohjaus<\/strong><\/p>\n\n\n\n<p>Ty\u00f6nohjauksessa tutkitaan, arvioidaan ja kehitet\u00e4\u00e4n omaa ty\u00f6t\u00e4, ty\u00f6n her\u00e4tt\u00e4mi\u00e4 tunteita ja kokemuksia, ty\u00f6roolia ja koko ty\u00f6yhteis\u00f6n toimintaa. Ty\u00f6nohjaus perustuu luottamukseen, vuorovaikutukseen ja ohjattavien omiin oivalluksiin. Ty\u00f6nohjaus toteutetaan s\u00e4\u00e4nn\u00f6llisesti tapahtuvina kokoontumisina, joissa ennalta sovittuja tavoitteita ty\u00f6stet\u00e4\u00e4n. Ty\u00f6nohjaus voi olla yksil\u00f6-, ryhm\u00e4- tai ty\u00f6yhteis\u00f6ohjausta. Kysy ty\u00f6nohjauksista suoraan Tatulta.<\/p>\n","protected":false},"excerpt":{"rendered":"<p>Tehostettu perhety\u00f6 Tehostettu perhety\u00f6 on tarkoitettu tilanteisiin, joissa lastensuojelullinen huoli lapsesta, nuoresta tai perheest\u00e4 on suuri. Ty\u00f6skentelyn ollessa ammattimaista ja riitt\u00e4v\u00e4n intensiivist\u00e4, voi kovastikin oireilevaa lasta tai nuorta auttaa kotiin. Ty\u00f6ntekij\u00e4 tapaa perhett\u00e4 sovitusti logoterapeuttisissa tapaamisissa, joissa tutkitaan perheen vuorovaikutusta, toimintatapoja, arvoja, odotuksia sek\u00e4 tarpeita. Yksil\u00f6tapaamisissa lapsi tai nuori saa koko ty\u00f6skentelyn ajaksi rinnalleen aikuisen, &hellip; <a href=\"https:\/\/frontida.fi\/index.php\/tietoja\/\" class=\"more-link\">Jatka lukemista <span class=\"screen-reader-text\">Palvelut<\/span> <span class=\"meta-nav\">&rarr;<\/span><\/a><\/p>\n","protected":false},"author":1,"featured_media":0,"parent":0,"menu_order":0,"comment_status":"closed","ping_status":"closed","template":"","meta":{"footnotes":""},"class_list":["post-7","page","type-page","status-publish","hentry"],"_links":{"self":[{"href":"https:\/\/frontida.fi\/index.php\/wp-json\/wp\/v2\/pages\/7","targetHints":{"allow":["GET"]}}],"collection":[{"href":"https:\/\/frontida.fi\/index.php\/wp-json\/wp\/v2\/pages"}],"about":[{"href":"https:\/\/frontida.fi\/index.php\/wp-json\/wp\/v2\/types\/page"}],"author":[{"embeddable":true,"href":"https:\/\/frontida.fi\/index.php\/wp-json\/wp\/v2\/users\/1"}],"replies":[{"embeddable":true,"href":"https:\/\/frontida.fi\/index.php\/wp-json\/wp\/v2\/comments?post=7"}],"version-history":[{"count":2,"href":"https:\/\/frontida.fi\/index.php\/wp-json\/wp\/v2\/pages\/7\/revisions"}],"predecessor-version":[{"id":29,"href":"https:\/\/frontida.fi\/index.php\/wp-json\/wp\/v2\/pages\/7\/revisions\/29"}],"wp:attachment":[{"href":"https:\/\/frontida.fi\/index.php\/wp-json\/wp\/v2\/media?parent=7"}],"curies":[{"name":"wp","href":"https:\/\/api.w.org\/{rel}","templated":true}]}}