{"id":6,"date":"2020-01-13T13:51:07","date_gmt":"2020-01-13T13:51:07","guid":{"rendered":"https:\/\/frontida.fi\/?page_id=6"},"modified":"2020-01-13T15:00:22","modified_gmt":"2020-01-13T15:00:22","slug":"the-new-umoma-opens-its-doors-2","status":"publish","type":"page","link":"https:\/\/frontida.fi\/","title":{"rendered":"Etusivu"},"content":{"rendered":"\n<p><strong>Lastensuojelun ja sosiaalialan avopalvelut, perhety\u00f6,&nbsp;<\/strong><strong>ammatillinen tukihenkil\u00f6, neuropsykiatrinen ja psykiatrinen tukity\u00f6skentely<\/strong><\/p>\n\n\n\n<p>Frontida oy on Tatu Lehtisen omistama lastensuojelun ja sosiaalialan&nbsp;avopalveluita tarjoava asiantuntijayritys. Ty\u00f6skentelytapa perustuu ty\u00f6ntekij\u00f6iden pitk\u00e4\u00e4n ja monipuoliseen kokemukseen k\u00e4yt\u00e4nn\u00f6n lastensuojeluty\u00f6st\u00e4, neuropsykiatriasta, psykiatriasta ja logoterapiasta.<strong><\/strong><\/p>\n\n\n\n<p>Erityisosaamisalueemme on ty\u00f6skentely perheiden, nuorten ja nuorten aikuisten kanssa, joiden el\u00e4m\u00e4\u00e4n liittyy psykiatrisia tai neuropsykiatrisia haasteita kuten ADHD, Aspergerin oireyhtym\u00e4, masennus, ahdistuneisuush\u00e4iri\u00f6t tai&nbsp;p\u00e4ihde- ja k\u00e4yt\u00f6sh\u00e4iri\u00f6t.<\/p>\n\n\n\n<p>Lue lis\u00e4\u00e4 palveluista tai ota suoraan yhteytt\u00e4 ja kysy lis\u00e4\u00e4.<\/p>\n\n\n\n<p><\/p>\n\n\n\n<p><\/p>\n","protected":false},"excerpt":{"rendered":"<p>Lastensuojelun ja sosiaalialan avopalvelut, perhety\u00f6,&nbsp;ammatillinen tukihenkil\u00f6, neuropsykiatrinen ja psykiatrinen tukity\u00f6skentely Frontida oy on Tatu Lehtisen omistama lastensuojelun ja sosiaalialan&nbsp;avopalveluita tarjoava asiantuntijayritys. Ty\u00f6skentelytapa perustuu ty\u00f6ntekij\u00f6iden pitk\u00e4\u00e4n ja monipuoliseen kokemukseen k\u00e4yt\u00e4nn\u00f6n lastensuojeluty\u00f6st\u00e4, neuropsykiatriasta, psykiatriasta ja logoterapiasta. Erityisosaamisalueemme on ty\u00f6skentely perheiden, nuorten ja nuorten aikuisten kanssa, joiden el\u00e4m\u00e4\u00e4n liittyy psykiatrisia tai neuropsykiatrisia haasteita kuten ADHD, Aspergerin oireyhtym\u00e4, masennus, &hellip; <a href=\"https:\/\/frontida.fi\/\" class=\"more-link\">Jatka lukemista <span class=\"screen-reader-text\">Etusivu<\/span> <span class=\"meta-nav\">&rarr;<\/span><\/a><\/p>\n","protected":false},"author":1,"featured_media":0,"parent":0,"menu_order":0,"comment_status":"closed","ping_status":"closed","template":"","meta":{"footnotes":""},"class_list":["post-6","page","type-page","status-publish","hentry"],"_links":{"self":[{"href":"https:\/\/frontida.fi\/index.php\/wp-json\/wp\/v2\/pages\/6","targetHints":{"allow":["GET"]}}],"collection":[{"href":"https:\/\/frontida.fi\/index.php\/wp-json\/wp\/v2\/pages"}],"about":[{"href":"https:\/\/frontida.fi\/index.php\/wp-json\/wp\/v2\/types\/page"}],"author":[{"embeddable":true,"href":"https:\/\/frontida.fi\/index.php\/wp-json\/wp\/v2\/users\/1"}],"replies":[{"embeddable":true,"href":"https:\/\/frontida.fi\/index.php\/wp-json\/wp\/v2\/comments?post=6"}],"version-history":[{"count":2,"href":"https:\/\/frontida.fi\/index.php\/wp-json\/wp\/v2\/pages\/6\/revisions"}],"predecessor-version":[{"id":28,"href":"https:\/\/frontida.fi\/index.php\/wp-json\/wp\/v2\/pages\/6\/revisions\/28"}],"wp:attachment":[{"href":"https:\/\/frontida.fi\/index.php\/wp-json\/wp\/v2\/media?parent=6"}],"curies":[{"name":"wp","href":"https:\/\/api.w.org\/{rel}","templated":true}]}}