{"id":42,"date":"2020-02-16T07:32:40","date_gmt":"2020-02-16T07:32:40","guid":{"rendered":"https:\/\/frontida.fi\/?page_id=42"},"modified":"2020-02-16T07:32:40","modified_gmt":"2020-02-16T07:32:40","slug":"tietosuoja","status":"publish","type":"page","link":"https:\/\/frontida.fi\/index.php\/tietosuoja\/","title":{"rendered":"Tietosuoja"},"content":{"rendered":"\n<p><strong>Tietosuojaseloste Frontida Oy<\/strong><\/p>\n\n\n\n<p><strong>Rekisterinpit\u00e4j\u00e4:<\/strong><\/p>\n\n\n\n<p>Tatu Lehtinen \/ Frontida Oy, Y-tunnus&nbsp;<strong>3102981-8<\/strong><strong><\/strong><\/p>\n\n\n\n<p>Aleksanterinkatu 35 B 10<br>33100 Tampere<br><a href=\"mailto:tatu.lehtinen@frontida.fi\">tatu.lehtinen@frontida.fi<\/a><\/p>\n\n\n\n<p>puh. 0505693000<\/p>\n\n\n\n<p>Frontida Oy ker\u00e4\u00e4n olemassaolevien asiakkaiden yhteystietoja ja laskutusosoitteita asiakassuhteiden hoitamista sek\u00e4 laskuttamista varten. Henkil\u00f6tietojen k\u00e4sittelyn perusteena on asiakkaan ja Frontida Oy:n v\u00e4linen sopimus.<\/p>\n\n\n\n<p>Frontida Oy ei tee k\u00e4ytt\u00e4ji\u00e4 koskevia profilointeja ja automaattisia p\u00e4\u00e4t\u00f6ksi\u00e4.<\/p>\n\n\n\n<p>Henkil\u00f6tietojasi vastaanottavat:<\/p>\n\n\n\n<ul class=\"wp-block-list\"><li>Frontida Oy, Tatu Lehtinen<\/li><li>asiakas itse, jos keskustelua k\u00e4yd\u00e4\u00e4n esim. s\u00e4hk\u00f6postissa<\/li><\/ul>\n\n\n\n<p>Frontida Oy s\u00e4ilytt\u00e4\u00e4 olemassaolevien asiakkaiden yhteystietoja ja laskutusosoitteita lukitussa tilassa, mihin valvotaan kulkua. Lis\u00e4ksi Frontida Oy:n asiakkaan yhteystiedot ovat ty\u00f6ntekij\u00e4n puhelimessa. Edell\u00e4 mainitut tiedot s\u00e4ilytet\u00e4\u00e4n asiakkuuden p\u00e4\u00e4ttymiseen saakka.<\/p>\n\n\n\n<p>Frontida Oy ei luovuta tietoja kolmansille osapuolille.<\/p>\n\n\n\n<p>Asiakkaalla on seuraavat oikeudet:<\/p>\n\n\n\n<ul class=\"wp-block-list\"><li>oikeus tarkastaa itse\u00e4\u00e4n koskevat tiedot<\/li><li>oikeus tietojen oikaisemiseen<\/li><li>oikeus tietojensa k\u00e4sittelyn rajoittamiseen (voit esimerkiksi kielt\u00e4\u00e4 markkinoinnin)<\/li><li>oikeus vastustaa tietojesi k\u00e4sittely\u00e4<\/li><li>oikeus peruuttaa suostumus tietojesi k\u00e4sittelyyn (voit esimerkiksi peruuttaa suostumuksesi markkinointiin)<\/li><li>oikeus tehd\u00e4 valitus valvontaviranomaiselle<\/li><\/ul>\n\n\n\n<p>Palveluiden kehityksen ja lains\u00e4\u00e4d\u00e4nn\u00f6n muutosten johdosta Frontida Oy pid\u00e4tt\u00e4\u00e4 oikeuden muuttaa tietosuojaselostetta. Merkitt\u00e4vist\u00e4 muutoksista tietosuojaselosteeseen ilmoitetaan rekister\u00f6ityneille asiakkaille ehtojen p\u00e4ivityksen yhteydess\u00e4.<\/p>\n","protected":false},"excerpt":{"rendered":"<p>Tietosuojaseloste Frontida Oy Rekisterinpit\u00e4j\u00e4: Tatu Lehtinen \/ Frontida Oy, Y-tunnus&nbsp;3102981-8 Aleksanterinkatu 35 B 1033100 Tamperetatu.lehtinen@frontida.fi puh. 0505693000 Frontida Oy ker\u00e4\u00e4n olemassaolevien asiakkaiden yhteystietoja ja laskutusosoitteita asiakassuhteiden hoitamista sek\u00e4 laskuttamista varten. Henkil\u00f6tietojen k\u00e4sittelyn perusteena on asiakkaan ja Frontida Oy:n v\u00e4linen sopimus. Frontida Oy ei tee k\u00e4ytt\u00e4ji\u00e4 koskevia profilointeja ja automaattisia p\u00e4\u00e4t\u00f6ksi\u00e4. Henkil\u00f6tietojasi vastaanottavat: Frontida Oy, Tatu &hellip; <a href=\"https:\/\/frontida.fi\/index.php\/tietosuoja\/\" class=\"more-link\">Jatka lukemista <span class=\"screen-reader-text\">Tietosuoja<\/span> <span class=\"meta-nav\">&rarr;<\/span><\/a><\/p>\n","protected":false},"author":1,"featured_media":0,"parent":0,"menu_order":0,"comment_status":"closed","ping_status":"closed","template":"","meta":{"footnotes":""},"class_list":["post-42","page","type-page","status-publish","hentry"],"_links":{"self":[{"href":"https:\/\/frontida.fi\/index.php\/wp-json\/wp\/v2\/pages\/42","targetHints":{"allow":["GET"]}}],"collection":[{"href":"https:\/\/frontida.fi\/index.php\/wp-json\/wp\/v2\/pages"}],"about":[{"href":"https:\/\/frontida.fi\/index.php\/wp-json\/wp\/v2\/types\/page"}],"author":[{"embeddable":true,"href":"https:\/\/frontida.fi\/index.php\/wp-json\/wp\/v2\/users\/1"}],"replies":[{"embeddable":true,"href":"https:\/\/frontida.fi\/index.php\/wp-json\/wp\/v2\/comments?post=42"}],"version-history":[{"count":1,"href":"https:\/\/frontida.fi\/index.php\/wp-json\/wp\/v2\/pages\/42\/revisions"}],"predecessor-version":[{"id":43,"href":"https:\/\/frontida.fi\/index.php\/wp-json\/wp\/v2\/pages\/42\/revisions\/43"}],"wp:attachment":[{"href":"https:\/\/frontida.fi\/index.php\/wp-json\/wp\/v2\/media?parent=42"}],"curies":[{"name":"wp","href":"https:\/\/api.w.org\/{rel}","templated":true}]}}